{"id":561,"date":"2022-04-07T11:01:01","date_gmt":"2022-04-07T09:01:01","guid":{"rendered":"https:\/\/arboretude.com\/?page_id=561"},"modified":"2022-04-07T11:19:25","modified_gmt":"2022-04-07T09:19:25","slug":"les-dendromicrohabitats-2","status":"publish","type":"page","link":"https:\/\/arboretude.com\/index.php\/les-dendromicrohabitats-2\/","title":{"rendered":"Les dendromicrohabitats"},"content":{"rendered":"\n<p>Un arbre-habitat est un arbre qui porte au moins un dendromicrohabitat (fig 1). Un dendromicrohabitat est une singularit\u00e9 morphologique port\u00e9e par un arbre et qui est utilis\u00e9e par des esp\u00e8ces parfois hautement sp\u00e9cialis\u00e9es. Ils constituent des refuges, des lieux de reproduction, d\u2019hibernation et de nutrition cruciaux pour des milliers d\u2019esp\u00e8ces. Seules les singularit\u00e9s morphologiques pour lesquelles un lien direct avec des esp\u00e8ces associ\u00e9es est connu sont consid\u00e9r\u00e9es comme dendromicrohabitats (Larrieu et Al, 2018).<\/p>\n\n\n\n<p>Chaque dendromicrohabitat offre des conditions  tr\u00e8s sp\u00e9cifiques en fonction du type et de ses caract\u00e9ristiques: sa taille, sa forme, sa position dans l\u2019arbre, le degr\u00e9 de d\u00e9composition du bois adjacent, l\u2019\u00e9tat de l\u2019arbre porteur (vivant ou mort), son ensoleillement, etc.<\/p>\n\n\n\n<p>Chaque esp\u00e8ce vit de pr\u00e9f\u00e9rence sur un type particulier de dendomicrohabitat. Plus ceux-ci sont diversifi\u00e9s, plus d&rsquo;esp\u00e8ces diff\u00e9rentes peuvent trouver les conditions n\u00e9cessaires pour y prosp\u00e9rer. Plus les dendromicrohabitats d&rsquo;un m\u00eame type sont nombreux, plus il est facile pour les organismes associ\u00e9s de coloniser de nouveaux dendromicrohabitats.<\/p>\n\n\n\n<p>Afin de renforcer la biodiversit\u00e9, il est judicieux de conna\u00eetre les dendromicrohabitats, de les pr\u00e9server et de les promouvoir lors des interventions.<\/p>\n\n\n\n<figure class=\"wp-block-image size-full\"><img loading=\"lazy\" decoding=\"async\" width=\"852\" height=\"1010\" src=\"https:\/\/arboretude.com\/wp-content\/uploads\/2022\/04\/Capture-decran-2022-04-07-a-10.38.38.png\" alt=\"\" class=\"wp-image-553\" srcset=\"https:\/\/arboretude.com\/wp-content\/uploads\/2022\/04\/Capture-decran-2022-04-07-a-10.38.38.png 852w, https:\/\/arboretude.com\/wp-content\/uploads\/2022\/04\/Capture-decran-2022-04-07-a-10.38.38-253x300.png 253w, https:\/\/arboretude.com\/wp-content\/uploads\/2022\/04\/Capture-decran-2022-04-07-a-10.38.38-768x910.png 768w\" sizes=\"auto, (max-width: 852px) 100vw, 852px\" \/><\/figure>\n\n\n\n<figure class=\"wp-block-image size-large\"><img loading=\"lazy\" decoding=\"async\" width=\"763\" height=\"1024\" src=\"https:\/\/arboretude.com\/wp-content\/uploads\/2022\/04\/Capture-decran-2022-04-07-a-10.39.16-1-763x1024.png\" alt=\"\" class=\"wp-image-555\" srcset=\"https:\/\/arboretude.com\/wp-content\/uploads\/2022\/04\/Capture-decran-2022-04-07-a-10.39.16-1-763x1024.png 763w, https:\/\/arboretude.com\/wp-content\/uploads\/2022\/04\/Capture-decran-2022-04-07-a-10.39.16-1-224x300.png 224w, https:\/\/arboretude.com\/wp-content\/uploads\/2022\/04\/Capture-decran-2022-04-07-a-10.39.16-1-768x1031.png 768w, https:\/\/arboretude.com\/wp-content\/uploads\/2022\/04\/Capture-decran-2022-04-07-a-10.39.16-1.png 924w\" sizes=\"auto, (max-width: 763px) 100vw, 763px\" \/><\/figure>\n","protected":false},"excerpt":{"rendered":"<p>Un arbre-habitat est un arbre qui porte au moins un dendromicrohabitat (fig 1). Un dendromicrohabitat est une singularit\u00e9 morphologique port\u00e9e par un arbre et qui est utilis\u00e9e par des esp\u00e8ces <a class=\"more-link\" href=\"https:\/\/arboretude.com\/index.php\/les-dendromicrohabitats-2\/\">Continue Reading &rarr;<\/a><\/p>\n","protected":false},"author":2,"featured_media":0,"parent":0,"menu_order":0,"comment_status":"closed","ping_status":"closed","template":"","meta":{"footnotes":""},"class_list":["post-561","page","type-page","status-publish","hentry"],"jetpack-related-posts":[],"jetpack_sharing_enabled":true,"_links":{"self":[{"href":"https:\/\/arboretude.com\/index.php\/wp-json\/wp\/v2\/pages\/561","targetHints":{"allow":["GET"]}}],"collection":[{"href":"https:\/\/arboretude.com\/index.php\/wp-json\/wp\/v2\/pages"}],"about":[{"href":"https:\/\/arboretude.com\/index.php\/wp-json\/wp\/v2\/types\/page"}],"author":[{"embeddable":true,"href":"https:\/\/arboretude.com\/index.php\/wp-json\/wp\/v2\/users\/2"}],"replies":[{"embeddable":true,"href":"https:\/\/arboretude.com\/index.php\/wp-json\/wp\/v2\/comments?post=561"}],"version-history":[{"count":3,"href":"https:\/\/arboretude.com\/index.php\/wp-json\/wp\/v2\/pages\/561\/revisions"}],"predecessor-version":[{"id":566,"href":"https:\/\/arboretude.com\/index.php\/wp-json\/wp\/v2\/pages\/561\/revisions\/566"}],"wp:attachment":[{"href":"https:\/\/arboretude.com\/index.php\/wp-json\/wp\/v2\/media?parent=561"}],"curies":[{"name":"wp","href":"https:\/\/api.w.org\/{rel}","templated":true}]}}