{"id":440,"date":"2022-02-25T16:38:12","date_gmt":"2022-02-25T15:38:12","guid":{"rendered":"https:\/\/arboretude.com\/?page_id=440"},"modified":"2022-04-07T10:18:27","modified_gmt":"2022-04-07T08:18:27","slug":"diagnostic-approfondi","status":"publish","type":"page","link":"https:\/\/arboretude.com\/index.php\/diagnostic-approfondi\/","title":{"rendered":"Diagnostic approfondi"},"content":{"rendered":"\n<p><strong>P\u00e9n\u00e9trom\u00e8tre IML 400<\/strong><\/p>\n\n\n\n<p>Quand cela se justifie, le r\u00e9sistographe peut \u00eatre utilis\u00e9 pour mesurer l&rsquo;importance du bois sain restant d&rsquo;un tronc ou d&rsquo;un axe.<\/p>\n\n\n\n<figure class=\"wp-block-image size-full\"><img loading=\"lazy\" decoding=\"async\" width=\"1024\" height=\"683\" src=\"https:\/\/arboretude.com\/wp-content\/uploads\/2022\/02\/IMG_2346-1024x683-1.jpg\" alt=\"\" class=\"wp-image-477\" srcset=\"https:\/\/arboretude.com\/wp-content\/uploads\/2022\/02\/IMG_2346-1024x683-1.jpg 1024w, https:\/\/arboretude.com\/wp-content\/uploads\/2022\/02\/IMG_2346-1024x683-1-300x200.jpg 300w, https:\/\/arboretude.com\/wp-content\/uploads\/2022\/02\/IMG_2346-1024x683-1-768x512.jpg 768w\" sizes=\"auto, (max-width: 1024px) 100vw, 1024px\" \/><\/figure>\n\n\n\n<p><strong>Tomographie du bois par impulsions sonores<\/strong> <strong>ARBOTOM\u00ae<\/strong><\/p>\n\n\n\n<p>Le Tomographe ARBOTOM\u00ae ABT05-E, est un instrument d&rsquo;\u00e9valuation des risques pour les arbres et de la qualit\u00e9 du bois. Il fournit une impression de l&rsquo;\u00e9tat int\u00e9rieur d&rsquo;un arbre en tr\u00e8s peu de temps. Les alt\u00e9rations cach\u00e9es, les cavit\u00e9s et les fissures invisibles ainsi que leur proportion deviennent visibles avec Arbotom.<\/p>\n\n\n\n<p>S\u2019il est utilis\u00e9 en combinaison avec le nouvel ARBORADIXTM, il est en mesure de d\u00e9tecter les racines sous la chauss\u00e9e.<\/p>\n\n\n\n<p>M\u00e9thode:<\/p>\n\n\n\n<p>Les ondes traversent le bois sain plus rapidement que le bois endommag\u00e9. Des capteurs plac\u00e9s autour de l&rsquo;arbre mesurent le temps que met une impulsion \u00e0 traverser le bois et \u00e0 atteindre les autres capteurs. Les donn\u00e9es recueillies sont envoy\u00e9es simultan\u00e9ment \u00e0 un ordinateur qui les transformera en une image color\u00e9e de la section transversale de l\u2019arbre.<\/p>\n\n\n\n<p>Sp\u00e9cifications techniques:<\/p>\n\n\n\n<ul class=\"wp-block-list\"><li>Localisation pr\u00e9cise des d\u00e9gradations dans les arbres.<\/li><li>Pr\u00e9sentation tomographique facile \u00e0 comprendre des r\u00e9sultats mesur\u00e9s permettant de constituer un document fiable expliquant les r\u00e9sultats, les \u00e9valuations et les conclusions.<\/li><li>\u00c9valuation facile et exacte des dommages directement sur place.<\/li><li>Mesures bidimensionnelles de l&rsquo;\u00e9tat interne des arbres et affichage ult\u00e9rieur, m\u00eame pour les arbres de grand diam\u00e8tre.<\/li><li>\u00c9valuation pr\u00e9cise de la stabilit\u00e9 et s\u00e9curit\u00e9 des arbres (calcul de la perte de la capacit\u00e9 de charge).<\/li><li>Calcul du facteur de s\u00e9curit\u00e9 de l&rsquo;arbre avec le logiciel ArboStApp\u2122.<\/li><\/ul>\n\n\n\n<figure class=\"wp-block-gallery has-nested-images columns-default is-cropped wp-block-gallery-1 is-layout-flex wp-block-gallery-is-layout-flex\">\n<figure class=\"wp-block-image size-large\"><img loading=\"lazy\" decoding=\"async\" width=\"768\" height=\"1024\" data-id=\"456\" src=\"https:\/\/arboretude.com\/wp-content\/uploads\/2022\/02\/IMG_4653-768x1024.jpg\" alt=\"\" class=\"wp-image-456\" srcset=\"https:\/\/arboretude.com\/wp-content\/uploads\/2022\/02\/IMG_4653-768x1024.jpg 768w, https:\/\/arboretude.com\/wp-content\/uploads\/2022\/02\/IMG_4653-225x300.jpg 225w, https:\/\/arboretude.com\/wp-content\/uploads\/2022\/02\/IMG_4653-1152x1536.jpg 1152w, https:\/\/arboretude.com\/wp-content\/uploads\/2022\/02\/IMG_4653-rotated.jpg 1512w\" sizes=\"auto, (max-width: 768px) 100vw, 768px\" \/><\/figure>\n\n\n\n<figure class=\"wp-block-image size-large\"><img loading=\"lazy\" decoding=\"async\" width=\"605\" height=\"806\" data-id=\"457\" src=\"https:\/\/arboretude.com\/wp-content\/uploads\/2022\/02\/IMG_5620-2.jpg\" alt=\"\" class=\"wp-image-457\" srcset=\"https:\/\/arboretude.com\/wp-content\/uploads\/2022\/02\/IMG_5620-2.jpg 605w, https:\/\/arboretude.com\/wp-content\/uploads\/2022\/02\/IMG_5620-2-225x300.jpg 225w\" sizes=\"auto, (max-width: 605px) 100vw, 605px\" \/><\/figure>\n<\/figure>\n\n\n\n<figure class=\"wp-block-image size-large\"><img loading=\"lazy\" decoding=\"async\" width=\"1024\" height=\"519\" src=\"https:\/\/arboretude.com\/wp-content\/uploads\/2022\/02\/Capture-decran-2022-02-25-a-16.58.17-2-1024x519.png\" alt=\"\" class=\"wp-image-471\" srcset=\"https:\/\/arboretude.com\/wp-content\/uploads\/2022\/02\/Capture-decran-2022-02-25-a-16.58.17-2-1024x519.png 1024w, https:\/\/arboretude.com\/wp-content\/uploads\/2022\/02\/Capture-decran-2022-02-25-a-16.58.17-2-300x152.png 300w, https:\/\/arboretude.com\/wp-content\/uploads\/2022\/02\/Capture-decran-2022-02-25-a-16.58.17-2-768x389.png 768w, https:\/\/arboretude.com\/wp-content\/uploads\/2022\/02\/Capture-decran-2022-02-25-a-16.58.17-2-1536x779.png 1536w, https:\/\/arboretude.com\/wp-content\/uploads\/2022\/02\/Capture-decran-2022-02-25-a-16.58.17-2.png 1554w\" sizes=\"auto, (max-width: 1024px) 100vw, 1024px\" \/><figcaption>Imagerie ARBOTOM\u00ae<\/figcaption><\/figure>\n\n\n\n<div class=\"wp-block-jetpack-tiled-gallery aligncenter is-style-rectangular\"><div class=\"tiled-gallery__gallery\"><div class=\"tiled-gallery__row\"><div class=\"tiled-gallery__col\" style=\"flex-basis:57.35400%\"><figure class=\"tiled-gallery__item\"><img decoding=\"async\" srcset=\"https:\/\/i2.wp.com\/arboretude.com\/wp-content\/uploads\/2022\/02\/Capture-decran-2022-02-25-a-16.58.29-4.png?strip=info&#038;w=600&#038;ssl=1 600w,https:\/\/i2.wp.com\/arboretude.com\/wp-content\/uploads\/2022\/02\/Capture-decran-2022-02-25-a-16.58.29-4.png?strip=info&#038;w=760&#038;ssl=1 760w\" alt=\"Module graphique de la charge de vent\" data-height=\"752\" data-id=\"473\" data-link=\"https:\/\/arboretude.com\/index.php\/diagnostic-approfondi\/capture-decran-2022-02-25-a-16-58-29-4\/\" data-url=\"https:\/\/arboretude.com\/wp-content\/uploads\/2022\/02\/Capture-decran-2022-02-25-a-16.58.29-4.png\" data-width=\"760\" src=\"https:\/\/i2.wp.com\/arboretude.com\/wp-content\/uploads\/2022\/02\/Capture-decran-2022-02-25-a-16.58.29-4.png?ssl=1\" data-amp-layout=\"responsive\"\/><\/figure><\/div><div class=\"tiled-gallery__col\" style=\"flex-basis:42.64600%\"><figure class=\"tiled-gallery__item\"><img decoding=\"async\" srcset=\"https:\/\/i1.wp.com\/arboretude.com\/wp-content\/uploads\/2022\/02\/UserssebDesktopUserssebDesktopUntitled_awlres.png?strip=info&#038;w=434&#038;ssl=1 434w\" alt=\"\" data-height=\"578\" data-id=\"474\" data-link=\"https:\/\/arboretude.com\/index.php\/diagnostic-approfondi\/userssebdesktopuserssebdesktopuntitled_awlres\/\" data-url=\"https:\/\/arboretude.com\/wp-content\/uploads\/2022\/02\/UserssebDesktopUserssebDesktopUntitled_awlres.png\" data-width=\"434\" src=\"https:\/\/i1.wp.com\/arboretude.com\/wp-content\/uploads\/2022\/02\/UserssebDesktopUserssebDesktopUntitled_awlres.png?ssl=1\" data-amp-layout=\"responsive\"\/><\/figure><\/div><\/div><\/div><\/div>\n\n\n\n<p><strong>ARBORADIX<\/strong><\/p>\n\n\n\n<p>Utilis\u00e9 conjointement avec l\u2019Arbotom\u00ae ABT05-E, le capteur ArboRadixTM permet de cartographier le syst\u00e8me racinaire.<br>Un capteur suppl\u00e9mentaire, reli\u00e9 \u00e0 un poteau en acier, est plac\u00e9 sur le sol selon un quadrillage mesur\u00e9. Le signal de l&rsquo;onde sonore est renvoy\u00e9 aux autres capteurs d\u00e9j\u00e0 connect\u00e9s \u00e0 l\u2019arbre.<\/p>\n\n\n\n<p>D\u00e9finir l\u2019\u00e9tendue et la localisation d\u2019un syst\u00e8me racinaire.<\/p>\n\n\n\n<p>Lorsque des racines sont pr\u00e9sentes, le signal se transmet rapidement le long des racines, cr\u00e9ant un chemin qui peut \u00eatre cartographi\u00e9 pour d\u00e9finir l&rsquo;\u00e9tendue et l&#8217;emplacement du syst\u00e8me racinaire.<br>Un module de graphique m\u00e9canique estime le point le plus faible de l&rsquo;arbre face \u00e0 la charge du vent.<\/p>\n\n\n\n<p>Sp\u00e9cifications techniques:<\/p>\n\n\n\n<ul class=\"wp-block-list\"><li>Positionnement rapide et facile du capteur de racines gr\u00e2ce \u00e0 des boutons rapides permettant de modifier les distances de mesure des racines.<\/li><li>La vitesse globale de l&rsquo;onde de tension entre la broche et le capteur varie entre 100 et 500 m\/s environ.<\/li><li>Les capteurs Arbotom\u00ae situ\u00e9s \u00e0 la base du tronc de l&rsquo;arbre r\u00e9agissent lorsque l&rsquo;impulsion m\u00e9canique arrive.<\/li><li>Les graphiques lin\u00e9aires indiquent la surface des racines principales et leur longueur\/distance  par rapport \u00e0 la base de la tige.<\/li><li>Ce syst\u00e8me rep\u00e8re les racines sur tous les types de surface (routes, trottoirs, rev\u00eatements difficiles), d\u2019un diam\u00e8tre allant jusqu\u2019\u00e0 2 cm et \u00e0 une profondeur jusqu\u2019\u00e0 50 cm.<\/li><\/ul>\n\n\n\n<figure class=\"wp-block-gallery has-nested-images columns-default is-cropped wp-block-gallery-2 is-layout-flex wp-block-gallery-is-layout-flex\">\n<figure class=\"wp-block-image size-large\"><img loading=\"lazy\" decoding=\"async\" width=\"946\" height=\"620\" data-id=\"462\" src=\"https:\/\/arboretude.com\/wp-content\/uploads\/2022\/02\/Capture-decran-2022-01-31-a-17.40.55-1.png\" alt=\"\" class=\"wp-image-462\" srcset=\"https:\/\/arboretude.com\/wp-content\/uploads\/2022\/02\/Capture-decran-2022-01-31-a-17.40.55-1.png 946w, https:\/\/arboretude.com\/wp-content\/uploads\/2022\/02\/Capture-decran-2022-01-31-a-17.40.55-1-300x197.png 300w, https:\/\/arboretude.com\/wp-content\/uploads\/2022\/02\/Capture-decran-2022-01-31-a-17.40.55-1-768x503.png 768w\" sizes=\"auto, (max-width: 946px) 100vw, 946px\" \/><\/figure>\n\n\n\n<figure class=\"wp-block-image size-large\"><img loading=\"lazy\" decoding=\"async\" width=\"703\" height=\"1024\" data-id=\"463\" src=\"https:\/\/arboretude.com\/wp-content\/uploads\/2022\/02\/Capture-decran-2022-01-31-a-17.41.48-703x1024.png\" alt=\"\" class=\"wp-image-463\" srcset=\"https:\/\/arboretude.com\/wp-content\/uploads\/2022\/02\/Capture-decran-2022-01-31-a-17.41.48-703x1024.png 703w, https:\/\/arboretude.com\/wp-content\/uploads\/2022\/02\/Capture-decran-2022-01-31-a-17.41.48-206x300.png 206w, https:\/\/arboretude.com\/wp-content\/uploads\/2022\/02\/Capture-decran-2022-01-31-a-17.41.48.png 728w\" sizes=\"auto, (max-width: 703px) 100vw, 703px\" \/><\/figure>\n<\/figure>\n\n\n\n<figure class=\"wp-block-image size-full\"><img loading=\"lazy\" decoding=\"async\" width=\"832\" height=\"906\" src=\"https:\/\/arboretude.com\/wp-content\/uploads\/2022\/02\/Capture-decran-2022-02-25-a-16.59.37-1.png\" alt=\"\" class=\"wp-image-465\" srcset=\"https:\/\/arboretude.com\/wp-content\/uploads\/2022\/02\/Capture-decran-2022-02-25-a-16.59.37-1.png 832w, https:\/\/arboretude.com\/wp-content\/uploads\/2022\/02\/Capture-decran-2022-02-25-a-16.59.37-1-275x300.png 275w, https:\/\/arboretude.com\/wp-content\/uploads\/2022\/02\/Capture-decran-2022-02-25-a-16.59.37-1-768x836.png 768w\" sizes=\"auto, (max-width: 832px) 100vw, 832px\" \/><\/figure>\n\n\n\n<p><strong>ArboStApp\u2122<\/strong>    <strong>Logiciel d&rsquo;\u00e9valuation de la s\u00e9curit\u00e9 des arbres<\/strong><\/p>\n\n\n\n<p>Logiciel pour la d\u00e9termination et l&rsquo;\u00e9valuation comparative de :<\/p>\n\n\n\n<ul class=\"wp-block-list\"><li>La charge du vent sur l&rsquo;arbre et l&rsquo;effet de s\u00e9curit\u00e9 de la taille de r\u00e9duction.<\/li><li>R\u00e9duction de la stabilit\u00e9 par la d\u00e9t\u00e9rioration des sections transversales des troncs\/branches.<\/li><li>La r\u00e9duction de la stabilit\u00e9 par le pourrissement des racines et\/ou le creusement de tranch\u00e9es.<\/li><li>ArboStApp permet de d\u00e9terminer la perte de r\u00e9sistance due aux d\u00e9gradations structurelles dans les sections transversales des tiges et des branches ainsi que la perte d&rsquo;ancrage en fonction de la taille du houppier et des charges de vent pr\u00e9vues.<\/li><li>L&rsquo;application permet d&rsquo;\u00e9valuer la r\u00e9duction de la charge par une taille de r\u00e9duction de la couronne afin de renforcer la s\u00e9curit\u00e9 des arbres endommag\u00e9s. <\/li><li>Les donn\u00e9es sont bas\u00e9es sur les observations visuelles de l&rsquo;utilisateur plut\u00f4t que sur des instruments de diagnostic et permettent d&rsquo;obtenir des estimations exactes (m\u00eame si elles ne sont pas aussi pr\u00e9cises) de la s\u00e9curit\u00e9 qui sont suffisantes pour de nombreux objectifs d&rsquo;\u00e9valuation des arbres. <\/li><li>La pr\u00e9cision de l&rsquo;\u00e9valuation peut \u00eatre augment\u00e9e en ajoutant les r\u00e9sultats d&rsquo;une tomographie sonique appropri\u00e9e ou d&rsquo;un forage par r\u00e9sistance avec des appareils calibr\u00e9s en fonction de la densit\u00e9.<\/li><\/ul>\n\n\n\n<figure class=\"wp-block-image size-large\"><img loading=\"lazy\" decoding=\"async\" width=\"1024\" height=\"555\" src=\"https:\/\/arboretude.com\/wp-content\/uploads\/2022\/04\/Capture-decran-2022-04-07-a-10.13.21-1024x555.png\" alt=\"\" class=\"wp-image-540\" srcset=\"https:\/\/arboretude.com\/wp-content\/uploads\/2022\/04\/Capture-decran-2022-04-07-a-10.13.21-1024x555.png 1024w, https:\/\/arboretude.com\/wp-content\/uploads\/2022\/04\/Capture-decran-2022-04-07-a-10.13.21-300x162.png 300w, https:\/\/arboretude.com\/wp-content\/uploads\/2022\/04\/Capture-decran-2022-04-07-a-10.13.21-768x416.png 768w, https:\/\/arboretude.com\/wp-content\/uploads\/2022\/04\/Capture-decran-2022-04-07-a-10.13.21-1536x832.png 1536w, https:\/\/arboretude.com\/wp-content\/uploads\/2022\/04\/Capture-decran-2022-04-07-a-10.13.21-2048x1109.png 2048w\" sizes=\"auto, (max-width: 1024px) 100vw, 1024px\" \/><figcaption>Exemple de r\u00e9sultat d&rsquo;une \u00e9valuation du facteur de s\u00e9curit\u00e9<\/figcaption><\/figure>\n\n\n\n<figure class=\"wp-block-image size-large\"><img loading=\"lazy\" decoding=\"async\" width=\"1024\" height=\"554\" src=\"https:\/\/arboretude.com\/wp-content\/uploads\/2022\/04\/Capture-decran-2022-04-07-a-10.14.55-1024x554.png\" alt=\"\" class=\"wp-image-541\" srcset=\"https:\/\/arboretude.com\/wp-content\/uploads\/2022\/04\/Capture-decran-2022-04-07-a-10.14.55-1024x554.png 1024w, https:\/\/arboretude.com\/wp-content\/uploads\/2022\/04\/Capture-decran-2022-04-07-a-10.14.55-300x162.png 300w, https:\/\/arboretude.com\/wp-content\/uploads\/2022\/04\/Capture-decran-2022-04-07-a-10.14.55-768x415.png 768w, https:\/\/arboretude.com\/wp-content\/uploads\/2022\/04\/Capture-decran-2022-04-07-a-10.14.55-1536x831.png 1536w, https:\/\/arboretude.com\/wp-content\/uploads\/2022\/04\/Capture-decran-2022-04-07-a-10.14.55-2048x1108.png 2048w\" sizes=\"auto, (max-width: 1024px) 100vw, 1024px\" \/><figcaption>Exemple de r\u00e9sultat d&rsquo;une \u00e9valuation du facteur de s\u00e9curit\u00e9<\/figcaption><\/figure>\n\n\n\n<p><\/p>\n","protected":false},"excerpt":{"rendered":"<p>P\u00e9n\u00e9trom\u00e8tre IML 400 Quand cela se justifie, le r\u00e9sistographe peut \u00eatre utilis\u00e9 pour mesurer l&rsquo;importance du bois sain restant d&rsquo;un tronc ou d&rsquo;un axe. Tomographie du bois par impulsions sonores <a class=\"more-link\" href=\"https:\/\/arboretude.com\/index.php\/diagnostic-approfondi\/\">Continue Reading &rarr;<\/a><\/p>\n","protected":false},"author":2,"featured_media":0,"parent":0,"menu_order":0,"comment_status":"closed","ping_status":"closed","template":"","meta":{"footnotes":""},"class_list":["post-440","page","type-page","status-publish","hentry"],"jetpack-related-posts":[],"jetpack_sharing_enabled":true,"_links":{"self":[{"href":"https:\/\/arboretude.com\/index.php\/wp-json\/wp\/v2\/pages\/440","targetHints":{"allow":["GET"]}}],"collection":[{"href":"https:\/\/arboretude.com\/index.php\/wp-json\/wp\/v2\/pages"}],"about":[{"href":"https:\/\/arboretude.com\/index.php\/wp-json\/wp\/v2\/types\/page"}],"author":[{"embeddable":true,"href":"https:\/\/arboretude.com\/index.php\/wp-json\/wp\/v2\/users\/2"}],"replies":[{"embeddable":true,"href":"https:\/\/arboretude.com\/index.php\/wp-json\/wp\/v2\/comments?post=440"}],"version-history":[{"count":11,"href":"https:\/\/arboretude.com\/index.php\/wp-json\/wp\/v2\/pages\/440\/revisions"}],"predecessor-version":[{"id":542,"href":"https:\/\/arboretude.com\/index.php\/wp-json\/wp\/v2\/pages\/440\/revisions\/542"}],"wp:attachment":[{"href":"https:\/\/arboretude.com\/index.php\/wp-json\/wp\/v2\/media?parent=440"}],"curies":[{"name":"wp","href":"https:\/\/api.w.org\/{rel}","templated":true}]}}