{"id":136,"date":"2021-07-19T11:20:09","date_gmt":"2021-07-19T09:20:09","guid":{"rendered":"http:\/\/arboretude.com\/?page_id=136"},"modified":"2021-07-20T11:27:38","modified_gmt":"2021-07-20T09:27:38","slug":"accueil","status":"publish","type":"page","link":"https:\/\/arboretude.com\/","title":{"rendered":"Accueil"},"content":{"rendered":"\n<p>Les arbres font partie int\u00e9grante de notre patrimoine et environnement, ils incarnent de multiples symboles de notre soci\u00e9t\u00e9 et h\u00e9bergent une riche biodiversit\u00e9.<\/p>\n\n\n\n<p>Son capital sympathie et l&rsquo;int\u00e9r\u00eat qu&rsquo;on lui porte ne cesse de cro\u00eetre au fil des d\u00e9couvertes scientifiques mais parfois des questions se posent:<\/p>\n\n\n\n<ul class=\"wp-block-list\"><li>Est-il en bonne sant\u00e9?<\/li><li>Quelle est son esp\u00e9rance de vie?<\/li><li>Mon arbre est-il dangereux?<\/li><\/ul>\n\n\n\n<p>Une observation attentive et une connaissance approfondie de la physiologie, de la bio-m\u00e9canique et des associ\u00e9s qui l&rsquo;entoure permettent de r\u00e9pondre \u00e0 ces questions de fa\u00e7on raisonn\u00e9e et adapt\u00e9e gr\u00e2ce \u00e0 des m\u00e9thodologies rigoureuses dans une d\u00e9marche clinique.<\/p>\n\n\n\n<figure class=\"wp-block-image size-large\"><img loading=\"lazy\" decoding=\"async\" width=\"1024\" height=\"683\" src=\"http:\/\/arboretude.com\/wp-content\/uploads\/2021\/07\/IMG_7058-1024x683.jpg\" alt=\"\" class=\"wp-image-212\" srcset=\"https:\/\/arboretude.com\/wp-content\/uploads\/2021\/07\/IMG_7058-1024x683.jpg 1024w, https:\/\/arboretude.com\/wp-content\/uploads\/2021\/07\/IMG_7058-300x200.jpg 300w, https:\/\/arboretude.com\/wp-content\/uploads\/2021\/07\/IMG_7058-768x512.jpg 768w, https:\/\/arboretude.com\/wp-content\/uploads\/2021\/07\/IMG_7058-1536x1024.jpg 1536w, https:\/\/arboretude.com\/wp-content\/uploads\/2021\/07\/IMG_7058-2048x1365.jpg 2048w\" sizes=\"auto, (max-width: 1024px) 100vw, 1024px\" \/><\/figure>\n","protected":false},"excerpt":{"rendered":"<p>Les arbres font partie int\u00e9grante de notre patrimoine et environnement, ils incarnent de multiples symboles de notre soci\u00e9t\u00e9 et h\u00e9bergent une riche biodiversit\u00e9. Son capital sympathie et l&rsquo;int\u00e9r\u00eat qu&rsquo;on lui <a class=\"more-link\" href=\"https:\/\/arboretude.com\/\">Continue Reading &rarr;<\/a><\/p>\n","protected":false},"author":2,"featured_media":0,"parent":0,"menu_order":0,"comment_status":"closed","ping_status":"closed","template":"","meta":{"footnotes":""},"class_list":["post-136","page","type-page","status-publish","hentry"],"jetpack-related-posts":[],"jetpack_sharing_enabled":true,"_links":{"self":[{"href":"https:\/\/arboretude.com\/index.php\/wp-json\/wp\/v2\/pages\/136","targetHints":{"allow":["GET"]}}],"collection":[{"href":"https:\/\/arboretude.com\/index.php\/wp-json\/wp\/v2\/pages"}],"about":[{"href":"https:\/\/arboretude.com\/index.php\/wp-json\/wp\/v2\/types\/page"}],"author":[{"embeddable":true,"href":"https:\/\/arboretude.com\/index.php\/wp-json\/wp\/v2\/users\/2"}],"replies":[{"embeddable":true,"href":"https:\/\/arboretude.com\/index.php\/wp-json\/wp\/v2\/comments?post=136"}],"version-history":[{"count":7,"href":"https:\/\/arboretude.com\/index.php\/wp-json\/wp\/v2\/pages\/136\/revisions"}],"predecessor-version":[{"id":230,"href":"https:\/\/arboretude.com\/index.php\/wp-json\/wp\/v2\/pages\/136\/revisions\/230"}],"wp:attachment":[{"href":"https:\/\/arboretude.com\/index.php\/wp-json\/wp\/v2\/media?parent=136"}],"curies":[{"name":"wp","href":"https:\/\/api.w.org\/{rel}","templated":true}]}}