{"id":118,"date":"2021-07-19T11:07:24","date_gmt":"2021-07-19T09:07:24","guid":{"rendered":"http:\/\/arboretude.com\/?page_id=118"},"modified":"2021-11-16T21:15:17","modified_gmt":"2021-11-16T20:15:17","slug":"a-propos-2","status":"publish","type":"page","link":"https:\/\/arboretude.com\/index.php\/a-propos-2\/","title":{"rendered":"\u00c0 propos"},"content":{"rendered":"\n<p>Apr\u00e8s des \u00e9tudes foresti\u00e8res, j&rsquo;ai occup\u00e9 pendant 22 ans un poste de technicien forestier au sein d&rsquo;un service environnement d&rsquo;une administration. Les objectifs de gestion \u00e9taient d&rsquo;am\u00e9liorer la richesse et la connaissance de la biodiversit\u00e9 avec une production du bois associ\u00e9e. <\/p>\n\n\n\n<p>Tout au long de ces ann\u00e9es, l&rsquo;int\u00e9r\u00eat important que je porte \u00e0 cet \u00e9cosyst\u00e8me et mon implication \u00e0 de nombreuses \u00e9tudes et recherches m&rsquo;ont amen\u00e9 \u00e0 comprendre l&rsquo;arbre en tant qu&rsquo;individu avec toutes ses singularit\u00e9s et les associ\u00e9s qui l&rsquo;entoure. Pour approfondir mes connaissances, je me suis tourn\u00e9 vers des formations sp\u00e9cialis\u00e9es et notamment celle de  \u00ab\u00a0l&rsquo;Atelier de l&rsquo;arbre\u00a0\u00bb de W.Moore o\u00f9 j&rsquo;ai effectu\u00e9 l&rsquo;int\u00e9gralit\u00e9 du cursus.<\/p>\n\n\n\n<p>Les d\u00e9couvertes scientifiques sur l&rsquo;arbre de cesse d&rsquo;\u00e9voluer et gr\u00e2ce \u00e0 des formations et un apprentissage r\u00e9guliers, de nouvelles donn\u00e9es comme les dendo-microhabitats ou les concepts utilis\u00e9s en architecture sont apport\u00e9s pour \u00e9tablir un diagnostic le plus complet de l&rsquo;arbre.<\/p>\n\n\n\n<p>Je suis aussi membre de plusieurs associations en faveur de la connaissance et la protection des arbres comme la SFA ou l&rsquo;association ARBRES ainsi que sur la mycologique avec des sorties p\u00e9dagogiques et expositions organis\u00e9es. <\/p>\n\n\n\n<div class=\"wp-block-buttons is-layout-flex wp-block-buttons-is-layout-flex\">\n<div class=\"wp-block-button\"><a class=\"wp-block-button__link\" href=\"https:\/\/arboretude.com\/wp-content\/uploads\/2021\/11\/CVSebastienPainchaud.pdf\" target=\"_blank\" rel=\"noreferrer noopener\">Acc\u00e9der \u00e0 mon CV<\/a><\/div>\n<\/div>\n\n\n\n<div class=\"wp-block-image\"><figure class=\"alignleft size-large\"><img loading=\"lazy\" decoding=\"async\" width=\"644\" height=\"1024\" src=\"http:\/\/arboretude.com\/wp-content\/uploads\/2021\/07\/IMG_4034-644x1024.jpg\" alt=\"\" class=\"wp-image-192\" srcset=\"https:\/\/arboretude.com\/wp-content\/uploads\/2021\/07\/IMG_4034-644x1024.jpg 644w, https:\/\/arboretude.com\/wp-content\/uploads\/2021\/07\/IMG_4034-189x300.jpg 189w, https:\/\/arboretude.com\/wp-content\/uploads\/2021\/07\/IMG_4034-768x1222.jpg 768w, https:\/\/arboretude.com\/wp-content\/uploads\/2021\/07\/IMG_4034-965x1536.jpg 965w, https:\/\/arboretude.com\/wp-content\/uploads\/2021\/07\/IMG_4034-1287x2048.jpg 1287w, https:\/\/arboretude.com\/wp-content\/uploads\/2021\/07\/IMG_4034-scaled.jpg 1609w\" sizes=\"auto, (max-width: 644px) 100vw, 644px\" \/><\/figure><\/div>\n","protected":false},"excerpt":{"rendered":"<p>Apr\u00e8s des \u00e9tudes foresti\u00e8res, j&rsquo;ai occup\u00e9 pendant 22 ans un poste de technicien forestier au sein d&rsquo;un service environnement d&rsquo;une administration. Les objectifs de gestion \u00e9taient d&rsquo;am\u00e9liorer la richesse et <a class=\"more-link\" href=\"https:\/\/arboretude.com\/index.php\/a-propos-2\/\">Continue Reading &rarr;<\/a><\/p>\n","protected":false},"author":2,"featured_media":0,"parent":0,"menu_order":0,"comment_status":"closed","ping_status":"closed","template":"","meta":{"footnotes":""},"class_list":["post-118","page","type-page","status-publish","hentry"],"jetpack-related-posts":[],"jetpack_sharing_enabled":true,"_links":{"self":[{"href":"https:\/\/arboretude.com\/index.php\/wp-json\/wp\/v2\/pages\/118","targetHints":{"allow":["GET"]}}],"collection":[{"href":"https:\/\/arboretude.com\/index.php\/wp-json\/wp\/v2\/pages"}],"about":[{"href":"https:\/\/arboretude.com\/index.php\/wp-json\/wp\/v2\/types\/page"}],"author":[{"embeddable":true,"href":"https:\/\/arboretude.com\/index.php\/wp-json\/wp\/v2\/users\/2"}],"replies":[{"embeddable":true,"href":"https:\/\/arboretude.com\/index.php\/wp-json\/wp\/v2\/comments?post=118"}],"version-history":[{"count":8,"href":"https:\/\/arboretude.com\/index.php\/wp-json\/wp\/v2\/pages\/118\/revisions"}],"predecessor-version":[{"id":350,"href":"https:\/\/arboretude.com\/index.php\/wp-json\/wp\/v2\/pages\/118\/revisions\/350"}],"wp:attachment":[{"href":"https:\/\/arboretude.com\/index.php\/wp-json\/wp\/v2\/media?parent=118"}],"curies":[{"name":"wp","href":"https:\/\/api.w.org\/{rel}","templated":true}]}}