{"id":117,"date":"2021-07-19T11:07:24","date_gmt":"2021-07-19T09:07:24","guid":{"rendered":"http:\/\/arboretude.com\/?page_id=117"},"modified":"2021-10-20T17:26:23","modified_gmt":"2021-10-20T15:26:23","slug":"domaine-dexpertise","status":"publish","type":"page","link":"https:\/\/arboretude.com\/index.php\/domaine-dexpertise\/","title":{"rendered":"Domaine d&rsquo;expertise"},"content":{"rendered":"\n<p><strong>Connaitre et inventorier:<\/strong><\/p>\n\n\n\n<ul class=\"wp-block-list\"><li>Diagnostic physiologique, sanitaire et m\u00e9canique.<\/li><li>\u00c9valuation de la valeur du patrimoine arbor\u00e9.<\/li><li>Inventaire des dendro-microhabitats pour une connaissance fine de la biodiversit\u00e9 de vos arbres (typologie L.Larrieu).<\/li><li>Identification des agents pathog\u00e8nes.<\/li><li>Plan de gestion.<\/li><li>Int\u00e9gration de l&rsquo;arbre dans les projets d&rsquo;am\u00e9nagement.<\/li><li>Formations.<\/li><\/ul>\n\n\n\n<figure class=\"wp-block-image size-large\"><img loading=\"lazy\" decoding=\"async\" width=\"1024\" height=\"768\" src=\"http:\/\/arboretude.com\/wp-content\/uploads\/2021\/07\/IMG_3855-1024x768.jpg\" alt=\"\" class=\"wp-image-159\" srcset=\"https:\/\/arboretude.com\/wp-content\/uploads\/2021\/07\/IMG_3855-1024x768.jpg 1024w, https:\/\/arboretude.com\/wp-content\/uploads\/2021\/07\/IMG_3855-300x225.jpg 300w, https:\/\/arboretude.com\/wp-content\/uploads\/2021\/07\/IMG_3855-768x576.jpg 768w, https:\/\/arboretude.com\/wp-content\/uploads\/2021\/07\/IMG_3855-1536x1152.jpg 1536w, https:\/\/arboretude.com\/wp-content\/uploads\/2021\/07\/IMG_3855-2048x1536.jpg 2048w\" sizes=\"auto, (max-width: 1024px) 100vw, 1024px\" \/><figcaption>Ch\u00eane de Longueville (Locmalo 56)<\/figcaption><\/figure>\n","protected":false},"excerpt":{"rendered":"<p>Connaitre et inventorier: Diagnostic physiologique, sanitaire et m\u00e9canique. \u00c9valuation de la valeur du patrimoine arbor\u00e9. Inventaire des dendro-microhabitats pour une connaissance fine de la biodiversit\u00e9 de vos arbres (typologie L.Larrieu). <a class=\"more-link\" href=\"https:\/\/arboretude.com\/index.php\/domaine-dexpertise\/\">Continue Reading &rarr;<\/a><\/p>\n","protected":false},"author":2,"featured_media":0,"parent":0,"menu_order":0,"comment_status":"closed","ping_status":"closed","template":"","meta":{"footnotes":""},"class_list":["post-117","page","type-page","status-publish","hentry"],"jetpack-related-posts":[],"jetpack_sharing_enabled":true,"_links":{"self":[{"href":"https:\/\/arboretude.com\/index.php\/wp-json\/wp\/v2\/pages\/117","targetHints":{"allow":["GET"]}}],"collection":[{"href":"https:\/\/arboretude.com\/index.php\/wp-json\/wp\/v2\/pages"}],"about":[{"href":"https:\/\/arboretude.com\/index.php\/wp-json\/wp\/v2\/types\/page"}],"author":[{"embeddable":true,"href":"https:\/\/arboretude.com\/index.php\/wp-json\/wp\/v2\/users\/2"}],"replies":[{"embeddable":true,"href":"https:\/\/arboretude.com\/index.php\/wp-json\/wp\/v2\/comments?post=117"}],"version-history":[{"count":6,"href":"https:\/\/arboretude.com\/index.php\/wp-json\/wp\/v2\/pages\/117\/revisions"}],"predecessor-version":[{"id":328,"href":"https:\/\/arboretude.com\/index.php\/wp-json\/wp\/v2\/pages\/117\/revisions\/328"}],"wp:attachment":[{"href":"https:\/\/arboretude.com\/index.php\/wp-json\/wp\/v2\/media?parent=117"}],"curies":[{"name":"wp","href":"https:\/\/api.w.org\/{rel}","templated":true}]}}